{"id":3,"date":"2020-03-03T15:20:27","date_gmt":"2020-03-03T15:20:27","guid":{"rendered":"http:\/\/wordpress.example\/?page_id=3"},"modified":"2020-03-24T14:59:59","modified_gmt":"2020-03-24T13:59:59","slug":"polityka-prywatnosci","status":"publish","type":"page","link":"https:\/\/pomeranka.pl\/de\/polityka-prywatnosci\/","title":{"rendered":"Datenschutz-Bestimmungen"},"content":{"rendered":"<div data-elementor-type=\"wp-page\" data-elementor-id=\"3\" class=\"elementor elementor-3\" data-elementor-post-type=\"page\">\n\t\t\t\t\t\t<section class=\"elementor-section elementor-top-section elementor-element elementor-element-37df5367 elementor-section-height-min-height elementor-section-items-bottom elementor-section-boxed elementor-section-height-default\" data-id=\"37df5367\" data-element_type=\"section\" data-settings=\"{&quot;background_background&quot;:&quot;classic&quot;,&quot;jet_parallax_layout_list&quot;:[{&quot;jet_parallax_layout_image&quot;:{&quot;url&quot;:&quot;&quot;,&quot;id&quot;:&quot;&quot;,&quot;size&quot;:&quot;&quot;},&quot;_id&quot;:&quot;5bed777&quot;,&quot;jet_parallax_layout_image_tablet&quot;:{&quot;url&quot;:&quot;&quot;,&quot;id&quot;:&quot;&quot;,&quot;size&quot;:&quot;&quot;},&quot;jet_parallax_layout_image_mobile&quot;:{&quot;url&quot;:&quot;&quot;,&quot;id&quot;:&quot;&quot;,&quot;size&quot;:&quot;&quot;},&quot;jet_parallax_layout_speed&quot;:{&quot;unit&quot;:&quot;%&quot;,&quot;size&quot;:50,&quot;sizes&quot;:[]},&quot;jet_parallax_layout_type&quot;:&quot;scroll&quot;,&quot;jet_parallax_layout_direction&quot;:&quot;1&quot;,&quot;jet_parallax_layout_fx_direction&quot;:null,&quot;jet_parallax_layout_z_index&quot;:&quot;&quot;,&quot;jet_parallax_layout_bg_x&quot;:50,&quot;jet_parallax_layout_bg_y&quot;:50,&quot;jet_parallax_layout_bg_size&quot;:&quot;auto&quot;,&quot;jet_parallax_layout_animation_prop&quot;:&quot;transform&quot;,&quot;jet_parallax_layout_on&quot;:[&quot;desktop&quot;,&quot;tablet&quot;],&quot;jet_parallax_layout_bg_x_tablet&quot;:&quot;&quot;,&quot;jet_parallax_layout_bg_x_mobile&quot;:&quot;&quot;,&quot;jet_parallax_layout_bg_y_tablet&quot;:&quot;&quot;,&quot;jet_parallax_layout_bg_y_mobile&quot;:&quot;&quot;,&quot;jet_parallax_layout_bg_size_tablet&quot;:&quot;&quot;,&quot;jet_parallax_layout_bg_size_mobile&quot;:&quot;&quot;}]}\">\n\t\t\t\t\t\t\t<div class=\"elementor-background-overlay\"><\/div>\n\t\t\t\t\t\t\t<div class=\"elementor-container elementor-column-gap-default\">\n\t\t\t\t\t<div class=\"elementor-column elementor-col-100 elementor-top-column elementor-element elementor-element-18ca6c85\" data-id=\"18ca6c85\" data-element_type=\"column\">\n\t\t\t<div class=\"elementor-widget-wrap elementor-element-populated\">\n\t\t\t\t\t\t<div class=\"elementor-element elementor-element-45f2cea3 elementor-widget elementor-widget-heading\" data-id=\"45f2cea3\" data-element_type=\"widget\" data-widget_type=\"heading.default\">\n\t\t\t\t<div class=\"elementor-widget-container\">\n\t\t\t\t\t<h1 class=\"elementor-heading-title elementor-size-default\">Datenschutz-Bestimmungen<\/h1>\t\t\t\t<\/div>\n\t\t\t\t<\/div>\n\t\t\t\t<div class=\"elementor-element elementor-element-1658a5b4 elementor-invisible elementor-widget elementor-widget-image\" data-id=\"1658a5b4\" data-element_type=\"widget\" data-settings=\"{&quot;_animation&quot;:&quot;fadeInDown&quot;}\" data-widget_type=\"image.default\">\n\t\t\t\t<div class=\"elementor-widget-container\">\n\t\t\t\t\t\t\t\t\t\t\t\t\t\t\t<img decoding=\"async\" width=\"200\" height=\"15\" src=\"https:\/\/pomeranka.pl\/wp-content\/uploads\/2020\/03\/divider.png\" class=\"attachment-full size-full wp-image-61\" alt=\"\" srcset=\"https:\/\/pomeranka.pl\/wp-content\/uploads\/2020\/03\/divider.png 200w, https:\/\/pomeranka.pl\/wp-content\/uploads\/2020\/03\/divider-768x57.png 768w\" sizes=\"(max-width: 200px) 100vw, 200px\" \/>\t\t\t\t\t\t\t\t\t\t\t\t\t\t\t<\/div>\n\t\t\t\t<\/div>\n\t\t\t\t\t<\/div>\n\t\t<\/div>\n\t\t\t\t\t<\/div>\n\t\t<\/section>\n\t\t\t\t<section class=\"elementor-section elementor-top-section elementor-element elementor-element-3baa65b5 elementor-section-boxed elementor-section-height-default elementor-section-height-default\" data-id=\"3baa65b5\" data-element_type=\"section\" data-settings=\"{&quot;jet_parallax_layout_list&quot;:[{&quot;jet_parallax_layout_image&quot;:{&quot;url&quot;:&quot;&quot;,&quot;id&quot;:&quot;&quot;,&quot;size&quot;:&quot;&quot;},&quot;_id&quot;:&quot;00d2b96&quot;,&quot;jet_parallax_layout_image_tablet&quot;:{&quot;url&quot;:&quot;&quot;,&quot;id&quot;:&quot;&quot;,&quot;size&quot;:&quot;&quot;},&quot;jet_parallax_layout_image_mobile&quot;:{&quot;url&quot;:&quot;&quot;,&quot;id&quot;:&quot;&quot;,&quot;size&quot;:&quot;&quot;},&quot;jet_parallax_layout_speed&quot;:{&quot;unit&quot;:&quot;%&quot;,&quot;size&quot;:50,&quot;sizes&quot;:[]},&quot;jet_parallax_layout_type&quot;:&quot;scroll&quot;,&quot;jet_parallax_layout_direction&quot;:&quot;1&quot;,&quot;jet_parallax_layout_fx_direction&quot;:null,&quot;jet_parallax_layout_z_index&quot;:&quot;&quot;,&quot;jet_parallax_layout_bg_x&quot;:50,&quot;jet_parallax_layout_bg_y&quot;:50,&quot;jet_parallax_layout_bg_size&quot;:&quot;auto&quot;,&quot;jet_parallax_layout_animation_prop&quot;:&quot;transform&quot;,&quot;jet_parallax_layout_on&quot;:[&quot;desktop&quot;,&quot;tablet&quot;],&quot;jet_parallax_layout_bg_x_tablet&quot;:&quot;&quot;,&quot;jet_parallax_layout_bg_x_mobile&quot;:&quot;&quot;,&quot;jet_parallax_layout_bg_y_tablet&quot;:&quot;&quot;,&quot;jet_parallax_layout_bg_y_mobile&quot;:&quot;&quot;,&quot;jet_parallax_layout_bg_size_tablet&quot;:&quot;&quot;,&quot;jet_parallax_layout_bg_size_mobile&quot;:&quot;&quot;}]}\">\n\t\t\t\t\t\t<div class=\"elementor-container elementor-column-gap-default\">\n\t\t\t\t\t<div class=\"elementor-column elementor-col-100 elementor-top-column elementor-element elementor-element-212a1de8\" data-id=\"212a1de8\" data-element_type=\"column\">\n\t\t\t<div class=\"elementor-widget-wrap elementor-element-populated\">\n\t\t\t\t\t\t<div class=\"elementor-element elementor-element-7a230ea1 elementor-widget elementor-widget-text-editor\" data-id=\"7a230ea1\" data-element_type=\"widget\" data-widget_type=\"text-editor.default\">\n\t\t\t\t<div class=\"elementor-widget-container\">\n\t\t\t\t\t\t\t\t\t<p>Informationsklausel<\/p>\n<p>Der Administrator Ihrer personenbezogenen Daten ist Grupa Zarz\u0105dzaj\u0105ca Pomerania SA mit Sitz in Danzig, Ul. NS. Wojciech 293 C,<br \/>Kontakt: recepcja@pomeranka.pl<\/p>\n<p>Wir verarbeiten Ihre Daten (Telefonnummer und E-Mail-Adresse), um mit Ihnen in Kontakt zu treten, um einen Termin \/ Workshop \/ Kurse zu vereinbaren. Grundlage der Verarbeitung ist in diesem Fall Art. 6 Abs. 1 lit. 6 Sek. 1 lit. a DSGVO. Die Verarbeitung personenbezogener Daten erfolgt auch zur Vertragserf\u00fcllung gem. 6 Sek. 1 lit. b DSGVO. Die Daten werden von uns auch zur Erf\u00fcllung der rechtlichen Verpflichtung verarbeitet, in diesem Fall ist die Grundlage Art. 6 Abs. 1 lit. 6 Sek. 1 lit. c DSGVO. Wir verarbeiten personenbezogene Daten auch zur Wahrung berechtigter Interessen, wie z.B. zur Abwehr etwaiger Anspr\u00fcche oder zur Geltendmachung Ihrer Rechte, in diesem Fall ist Grundlage Art. 6 Abs. 1 lit. 6 Sek. 1 lit. f DSGVO.<\/p>\n<p>Personenbezogene Daten werden f\u00fcr die Vertragsdauer gespeichert. Nach Beendigung der Verarbeitung personenbezogener Daten f\u00fcr den urspr\u00fcnglichen Zweck werden die Daten f\u00fcr die gesetzlich festgelegte Dauer gespeichert (Artikel 51 des Gesetzes vom 14. Juli 1983 \u00fcber die nationalen Archivressourcen und Archive).<br \/>Die Angabe von Daten ist freiwillig, jedoch kann dies nicht zur Erbringung des Dienstes f\u00fchren, mit Ausnahme der Kontaktdaten (Telefonnummer, E-Mail-Adresse).<\/p>\n<p>Ihre personenbezogenen Daten k\u00f6nnen an folgende mit dem Administrator zusammenarbeitende Empf\u00e4nger \u00fcbermittelt werden: eine Buchhaltung, ein Unternehmen, das IT-Dienstleistungen anbietet. Dar\u00fcber hinaus erfolgt eine \u00dcbermittlung der Daten an staatliche Einrichtungen, die sich unmittelbar aus dem Arbeitsverh\u00e4ltnis ergeben, zur Erf\u00fcllung der gesetzlichen Pflichten des Administrators.<\/p>\n<p>Ihre Daten (nur Cookies) k\u00f6nnen aufgrund der verwendeten Google Analytics-Technologie au\u00dferhalb des EWR \u00fcbertragen werden.<br \/>Als Administrator Ihrer Daten gew\u00e4hren wir Ihnen das Recht, auf Ihre Daten zuzugreifen, Sie k\u00f6nnen sie auch berichtigen, ihre Entfernung beantragen oder ihre Verarbeitung einschr\u00e4nken. Sie k\u00f6nnen auch das Recht aus\u00fcben, beim Administrator der Verarbeitung Ihrer Daten zu widersprechen und Daten an einen anderen Datenadministrator zu \u00fcbertragen.<br \/>Datenschutzerkl\u00e4rung und die Verwendung von Cookies.<\/p>\n<p>Olemer sp. z o. o. legt gro\u00dfen Wert auf den Schutz personenbezogener Daten, daher m\u00f6chten wir Sie \u00fcber die Art und Weise der Verarbeitung Ihrer Daten durch uns informieren. W\u00e4hrend der Nutzung unserer Website k\u00f6nnen Cookies auf Ihrem Endger\u00e4t gespeichert und an uns \u00fcbermittelt werden. Dies dient dazu, die Website effizient zu bedienen. Cookies sind eine Informationsquelle \u00fcber Ihre Aktivit\u00e4ten auf der Website, damit wir sie st\u00e4ndig verbessern k\u00f6nnen, um Ihre Erwartungen zu erf\u00fcllen.<\/p>\n<p>Die von uns gesammelten Cookies sind in erster Linie statistische Dateien, die vom Google-Tool verwendet werden: Google Analytics.<br \/>Mit Hilfe von Cookies k\u00f6nnen wir den Benutzer des Netzwerks nicht direkt identifizieren. Wir k\u00f6nnen jedoch Informationen erhalten wie: den Namen des Betriebssystems, den Namen des Webbrowsers, die Adresse der zuvor besuchten Seite (wenn Sie den Link verwendet haben, der auf unsere Website weiterleitet).<\/p>\n<p>Diese Daten k\u00f6nnen aufgrund des Einsatzes von Google Analytics in ein Land au\u00dferhalb der Europ\u00e4ischen Union \u00fcbertragen werden.<br \/>Wir werden Ihre Daten nicht profilieren oder Ihnen personalisierte Werbung zeigen.<\/p>\t\t\t\t\t\t\t\t<\/div>\n\t\t\t\t<\/div>\n\t\t\t\t\t<\/div>\n\t\t<\/div>\n\t\t\t\t\t<\/div>\n\t\t<\/section>\n\t\t\t\t<\/div>","protected":false},"excerpt":{"rendered":"<p>Informationsklausel Der Verwalter Ihrer personenbezogenen Daten ist die Management Group Pomerania SA mit Sitz in Danzig, Ul. St. Wojciecha 293 C, Kontakt: recepcja@pomeranka.pl Wir verarbeiten Ihre Daten (Telefonnummer und E-Mail-Adresse), um Sie f\u00fcr die Vereinbarung eines Treffens \/ Workshops \/ Kurses zu kontaktieren. Grundlage f\u00fcr die Verarbeitung ist in diesem Fall Art. 6 Sek. 1 lit. a DSGVO. [\u2026]<\/p>","protected":false},"author":2,"featured_media":0,"parent":0,"menu_order":0,"comment_status":"closed","ping_status":"open","template":"elementor_header_footer","meta":{"footnotes":""},"class_list":["post-3","page","type-page","status-publish","hentry"],"aioseo_notices":[],"_links":{"self":[{"href":"https:\/\/pomeranka.pl\/de\/wp-json\/wp\/v2\/pages\/3","targetHints":{"allow":["GET"]}}],"collection":[{"href":"https:\/\/pomeranka.pl\/de\/wp-json\/wp\/v2\/pages"}],"about":[{"href":"https:\/\/pomeranka.pl\/de\/wp-json\/wp\/v2\/types\/page"}],"author":[{"embeddable":true,"href":"https:\/\/pomeranka.pl\/de\/wp-json\/wp\/v2\/users\/2"}],"replies":[{"embeddable":true,"href":"https:\/\/pomeranka.pl\/de\/wp-json\/wp\/v2\/comments?post=3"}],"version-history":[{"count":0,"href":"https:\/\/pomeranka.pl\/de\/wp-json\/wp\/v2\/pages\/3\/revisions"}],"wp:attachment":[{"href":"https:\/\/pomeranka.pl\/de\/wp-json\/wp\/v2\/media?parent=3"}],"curies":[{"name":"wp","href":"https:\/\/api.w.org\/{rel}","templated":true}]}}