{"id":3,"date":"2020-03-03T15:20:27","date_gmt":"2020-03-03T15:20:27","guid":{"rendered":"http:\/\/wordpress.example\/?page_id=3"},"modified":"2020-03-24T14:59:59","modified_gmt":"2020-03-24T13:59:59","slug":"polityka-prywatnosci","status":"publish","type":"page","link":"https:\/\/pomeranka.pl\/en\/polityka-prywatnosci\/","title":{"rendered":"privacy policy"},"content":{"rendered":"<div data-elementor-type=\"wp-page\" data-elementor-id=\"3\" class=\"elementor elementor-3\" data-elementor-post-type=\"page\">\n\t\t\t\t\t\t<section class=\"elementor-section elementor-top-section elementor-element elementor-element-37df5367 elementor-section-height-min-height elementor-section-items-bottom elementor-section-boxed elementor-section-height-default\" data-id=\"37df5367\" data-element_type=\"section\" data-settings=\"{&quot;background_background&quot;:&quot;classic&quot;,&quot;jet_parallax_layout_list&quot;:[{&quot;jet_parallax_layout_image&quot;:{&quot;url&quot;:&quot;&quot;,&quot;id&quot;:&quot;&quot;,&quot;size&quot;:&quot;&quot;},&quot;_id&quot;:&quot;5bed777&quot;,&quot;jet_parallax_layout_image_tablet&quot;:{&quot;url&quot;:&quot;&quot;,&quot;id&quot;:&quot;&quot;,&quot;size&quot;:&quot;&quot;},&quot;jet_parallax_layout_image_mobile&quot;:{&quot;url&quot;:&quot;&quot;,&quot;id&quot;:&quot;&quot;,&quot;size&quot;:&quot;&quot;},&quot;jet_parallax_layout_speed&quot;:{&quot;unit&quot;:&quot;%&quot;,&quot;size&quot;:50,&quot;sizes&quot;:[]},&quot;jet_parallax_layout_type&quot;:&quot;scroll&quot;,&quot;jet_parallax_layout_direction&quot;:&quot;1&quot;,&quot;jet_parallax_layout_fx_direction&quot;:null,&quot;jet_parallax_layout_z_index&quot;:&quot;&quot;,&quot;jet_parallax_layout_bg_x&quot;:50,&quot;jet_parallax_layout_bg_y&quot;:50,&quot;jet_parallax_layout_bg_size&quot;:&quot;auto&quot;,&quot;jet_parallax_layout_animation_prop&quot;:&quot;transform&quot;,&quot;jet_parallax_layout_on&quot;:[&quot;desktop&quot;,&quot;tablet&quot;],&quot;jet_parallax_layout_bg_x_tablet&quot;:&quot;&quot;,&quot;jet_parallax_layout_bg_x_mobile&quot;:&quot;&quot;,&quot;jet_parallax_layout_bg_y_tablet&quot;:&quot;&quot;,&quot;jet_parallax_layout_bg_y_mobile&quot;:&quot;&quot;,&quot;jet_parallax_layout_bg_size_tablet&quot;:&quot;&quot;,&quot;jet_parallax_layout_bg_size_mobile&quot;:&quot;&quot;}]}\">\n\t\t\t\t\t\t\t<div class=\"elementor-background-overlay\"><\/div>\n\t\t\t\t\t\t\t<div class=\"elementor-container elementor-column-gap-default\">\n\t\t\t\t\t<div class=\"elementor-column elementor-col-100 elementor-top-column elementor-element elementor-element-18ca6c85\" data-id=\"18ca6c85\" data-element_type=\"column\">\n\t\t\t<div class=\"elementor-widget-wrap elementor-element-populated\">\n\t\t\t\t\t\t<div class=\"elementor-element elementor-element-45f2cea3 elementor-widget elementor-widget-heading\" data-id=\"45f2cea3\" data-element_type=\"widget\" data-widget_type=\"heading.default\">\n\t\t\t\t<div class=\"elementor-widget-container\">\n\t\t\t\t\t<h1 class=\"elementor-heading-title elementor-size-default\">privacy policy<\/h1>\t\t\t\t<\/div>\n\t\t\t\t<\/div>\n\t\t\t\t<div class=\"elementor-element elementor-element-1658a5b4 elementor-invisible elementor-widget elementor-widget-image\" data-id=\"1658a5b4\" data-element_type=\"widget\" data-settings=\"{&quot;_animation&quot;:&quot;fadeInDown&quot;}\" data-widget_type=\"image.default\">\n\t\t\t\t<div class=\"elementor-widget-container\">\n\t\t\t\t\t\t\t\t\t\t\t\t\t\t\t<img decoding=\"async\" width=\"200\" height=\"15\" src=\"https:\/\/pomeranka.pl\/wp-content\/uploads\/2020\/03\/divider.png\" class=\"attachment-full size-full wp-image-61\" alt=\"\" srcset=\"https:\/\/pomeranka.pl\/wp-content\/uploads\/2020\/03\/divider.png 200w, https:\/\/pomeranka.pl\/wp-content\/uploads\/2020\/03\/divider-768x57.png 768w\" sizes=\"(max-width: 200px) 100vw, 200px\" \/>\t\t\t\t\t\t\t\t\t\t\t\t\t\t\t<\/div>\n\t\t\t\t<\/div>\n\t\t\t\t\t<\/div>\n\t\t<\/div>\n\t\t\t\t\t<\/div>\n\t\t<\/section>\n\t\t\t\t<section class=\"elementor-section elementor-top-section elementor-element elementor-element-3baa65b5 elementor-section-boxed elementor-section-height-default elementor-section-height-default\" data-id=\"3baa65b5\" data-element_type=\"section\" data-settings=\"{&quot;jet_parallax_layout_list&quot;:[{&quot;jet_parallax_layout_image&quot;:{&quot;url&quot;:&quot;&quot;,&quot;id&quot;:&quot;&quot;,&quot;size&quot;:&quot;&quot;},&quot;_id&quot;:&quot;00d2b96&quot;,&quot;jet_parallax_layout_image_tablet&quot;:{&quot;url&quot;:&quot;&quot;,&quot;id&quot;:&quot;&quot;,&quot;size&quot;:&quot;&quot;},&quot;jet_parallax_layout_image_mobile&quot;:{&quot;url&quot;:&quot;&quot;,&quot;id&quot;:&quot;&quot;,&quot;size&quot;:&quot;&quot;},&quot;jet_parallax_layout_speed&quot;:{&quot;unit&quot;:&quot;%&quot;,&quot;size&quot;:50,&quot;sizes&quot;:[]},&quot;jet_parallax_layout_type&quot;:&quot;scroll&quot;,&quot;jet_parallax_layout_direction&quot;:&quot;1&quot;,&quot;jet_parallax_layout_fx_direction&quot;:null,&quot;jet_parallax_layout_z_index&quot;:&quot;&quot;,&quot;jet_parallax_layout_bg_x&quot;:50,&quot;jet_parallax_layout_bg_y&quot;:50,&quot;jet_parallax_layout_bg_size&quot;:&quot;auto&quot;,&quot;jet_parallax_layout_animation_prop&quot;:&quot;transform&quot;,&quot;jet_parallax_layout_on&quot;:[&quot;desktop&quot;,&quot;tablet&quot;],&quot;jet_parallax_layout_bg_x_tablet&quot;:&quot;&quot;,&quot;jet_parallax_layout_bg_x_mobile&quot;:&quot;&quot;,&quot;jet_parallax_layout_bg_y_tablet&quot;:&quot;&quot;,&quot;jet_parallax_layout_bg_y_mobile&quot;:&quot;&quot;,&quot;jet_parallax_layout_bg_size_tablet&quot;:&quot;&quot;,&quot;jet_parallax_layout_bg_size_mobile&quot;:&quot;&quot;}]}\">\n\t\t\t\t\t\t<div class=\"elementor-container elementor-column-gap-default\">\n\t\t\t\t\t<div class=\"elementor-column elementor-col-100 elementor-top-column elementor-element elementor-element-212a1de8\" data-id=\"212a1de8\" data-element_type=\"column\">\n\t\t\t<div class=\"elementor-widget-wrap elementor-element-populated\">\n\t\t\t\t\t\t<div class=\"elementor-element elementor-element-7a230ea1 elementor-widget elementor-widget-text-editor\" data-id=\"7a230ea1\" data-element_type=\"widget\" data-widget_type=\"text-editor.default\">\n\t\t\t\t<div class=\"elementor-widget-container\">\n\t\t\t\t\t\t\t\t\t<p>Information clause<\/p>\n<p>The administrator of your personal data is Grupa Zarz\u0105dzaj\u0105ca Pomerania SA with its registered office in Gda\u0144sk, ul. St. Wojciech 293 C,<br \/>Contact: recepcja@pomeranka.pl<\/p>\n<p>We process your data (telephone number and e-mail address) in order to contact you to arrange a meeting \/ workshop \/ courses. The basis for processing in this case is Art. 6 sec. 1 lit. a GDPR. Personal data is also processed in order to perform the contract pursuant to art. 6 sec. 1 lit. b GDPR. The data will also be processed by us in order to fulfill the legal obligation, in this case the basis will be art. 6 sec. 1 lit. c GDPR. We will also process personal data to protect legitimate interests, such as protection against possible claims or asserting your rights, in this case the basis will be art. 6 sec. 1 lit. f GDPR.<\/p>\n<p>Personal data will be stored for the duration of the contract. After the end of the processing of personal data for the original purpose, the data will be stored for the period specified by law (Article 51 of the Act of July 14, 1983 on the national archival resource and archives)<br \/>Providing data is voluntary, but failure to do so will result in the inability to provide the service, excluding contact details (telephone number, e-mail address).<\/p>\n<p>Your personal data may be transferred to the following recipients cooperating with the Administrator: an accounting office, a company providing IT services. In addition, the data will be transferred to state institutions resulting directly from the employment relationship for the purposes of fulfilling the legal obligations incumbent on the Administrator.<\/p>\n<p>Your data (only cookies) may be transferred outside the EEA - due to the Google Analytics technology used.<br \/>As the administrator of your data, we provide you with the right to access your data, you can also rectify it, request its removal or limit its processing. You can also exercise the right to object to the Administrator against the processing of your data and the right to transfer data to another data administrator.<br \/>Privacy policy and the use of cookies.<\/p>\n<p>Olemer Sp. z o. o. attaches great importance to the protection of personal data, which is why we would like to inform you about the methods of processing your data by us. Cookies can be stored on your device and sent to us while you use our website. This is to efficiently service the website, cookies are a source of information about your activities on the website, so we can constantly improve it to meet your expectations.<\/p>\n<p>The cookies we collect are primarily statistical files used by the google tool: Google Analitycs.<br \/>With the help of cookies, we cannot directly identify the user of the Network. However, we can obtain information such as: the name of the operating system, the name of the web browser, the address of the previously visited page (if you used the link redirecting to our website).<\/p>\n<p>These data may be transferred to a country outside the European Union - due to the use of Google Analytics.<br \/>We will not profile your data or show you personalized advertisements.<\/p>\t\t\t\t\t\t\t\t<\/div>\n\t\t\t\t<\/div>\n\t\t\t\t\t<\/div>\n\t\t<\/div>\n\t\t\t\t\t<\/div>\n\t\t<\/section>\n\t\t\t\t<\/div>","protected":false},"excerpt":{"rendered":"<p>Information clause The administrator of your personal data is the Management Group Pomerania SA with its registered office in Gda\u0144sk, ul. St. Wojciecha 293 C, Contact: recepcja@pomeranka.pl We process your data (telephone number and e-mail address) in order to contact you to arrange a meeting \/ workshop \/ courses. The basis for processing in this case is Art. 6 sec. 1 lit. a GDPR. [\u2026]<\/p>","protected":false},"author":2,"featured_media":0,"parent":0,"menu_order":0,"comment_status":"closed","ping_status":"open","template":"elementor_header_footer","meta":{"footnotes":""},"class_list":["post-3","page","type-page","status-publish","hentry"],"aioseo_notices":[],"_links":{"self":[{"href":"https:\/\/pomeranka.pl\/en\/wp-json\/wp\/v2\/pages\/3","targetHints":{"allow":["GET"]}}],"collection":[{"href":"https:\/\/pomeranka.pl\/en\/wp-json\/wp\/v2\/pages"}],"about":[{"href":"https:\/\/pomeranka.pl\/en\/wp-json\/wp\/v2\/types\/page"}],"author":[{"embeddable":true,"href":"https:\/\/pomeranka.pl\/en\/wp-json\/wp\/v2\/users\/2"}],"replies":[{"embeddable":true,"href":"https:\/\/pomeranka.pl\/en\/wp-json\/wp\/v2\/comments?post=3"}],"version-history":[{"count":0,"href":"https:\/\/pomeranka.pl\/en\/wp-json\/wp\/v2\/pages\/3\/revisions"}],"wp:attachment":[{"href":"https:\/\/pomeranka.pl\/en\/wp-json\/wp\/v2\/media?parent=3"}],"curies":[{"name":"wp","href":"https:\/\/api.w.org\/{rel}","templated":true}]}}